{"id":6328,"date":"2023-05-14T01:03:50","date_gmt":"2023-05-13T23:03:50","guid":{"rendered":"https:\/\/morcosmachinery.com\/product\/brosses-de-nettoyage-de-bottes-station-au-sol-type-hyu1\/"},"modified":"2023-11-29T16:04:49","modified_gmt":"2023-11-29T14:04:49","slug":"brosses-de-nettoyage-de-bottes-station-au-sol-type-hyu1","status":"publish","type":"product","link":"https:\/\/morcosmachinery.com\/fr\/product\/brosses-de-nettoyage-de-bottes-station-au-sol-type-hyu1\/","title":{"rendered":"Semelles de nettoyage de bottes &#8211; Station au sol type HYU1"},"content":{"rendered":"<ul>\n<li>\u00c9quip\u00e9 de 2 lignes de brosses sur toute la longueur de l&#8217;unit\u00e9 pour nettoyer les bottes de l&#8217;op\u00e9rateur.<\/li>\n<li>Syst\u00e8me m\u00e9canique facile \u00e0 nettoyer (Facile \u00e0 d\u00e9monter et \u00e0 nettoyer en dessous).<\/li>\n<li>La rotation des brosses est entra\u00een\u00e9e par un moteur d&#8217;entra\u00eenement de fabrication europ\u00e9enne.<\/li>\n<li>\u00c9quip\u00e9 d&#8217;un jet d&#8217;eau sous les brosses.<\/li>\n<\/ul>\n","protected":false},"excerpt":{"rendered":"<p>\u00c9quip\u00e9 de 2 lignes de brosses sur toute la longueur de l&#8217;unit\u00e9 pour nettoyer les bottes de l&#8217;op\u00e9rateur&#8230;.<\/p>\n","protected":false},"featured_media":5363,"template":"","meta":[],"product_cat":[105],"product_tag":[],"class_list":{"0":"post-6328","1":"product","2":"type-product","3":"status-publish","4":"has-post-thumbnail","6":"product_cat-equipement-de-securite-alimentaire-et-dhygiene","8":"first","9":"instock","10":"shipping-taxable","11":"purchasable","12":"product-type-simple"},"_links":{"self":[{"href":"https:\/\/morcosmachinery.com\/fr\/wp-json\/wp\/v2\/product\/6328","targetHints":{"allow":["GET"]}}],"collection":[{"href":"https:\/\/morcosmachinery.com\/fr\/wp-json\/wp\/v2\/product"}],"about":[{"href":"https:\/\/morcosmachinery.com\/fr\/wp-json\/wp\/v2\/types\/product"}],"wp:featuredmedia":[{"embeddable":true,"href":"https:\/\/morcosmachinery.com\/fr\/wp-json\/wp\/v2\/media\/5363"}],"wp:attachment":[{"href":"https:\/\/morcosmachinery.com\/fr\/wp-json\/wp\/v2\/media?parent=6328"}],"wp:term":[{"taxonomy":"product_cat","embeddable":true,"href":"https:\/\/morcosmachinery.com\/fr\/wp-json\/wp\/v2\/product_cat?post=6328"},{"taxonomy":"product_tag","embeddable":true,"href":"https:\/\/morcosmachinery.com\/fr\/wp-json\/wp\/v2\/product_tag?post=6328"}],"curies":[{"name":"wp","href":"https:\/\/api.w.org\/{rel}","templated":true}]}}