{"id":6331,"date":"2023-05-14T00:58:29","date_gmt":"2023-05-13T21:58:29","guid":{"rendered":"https:\/\/morcosmachinery.com\/product\/moulin-a-sucre-epices-turbo-haute-performance-type-cs\/"},"modified":"2026-04-16T17:42:01","modified_gmt":"2026-04-16T15:42:01","slug":"moulin-a-sucre-epices-turbo-haute-performance-type-cs","status":"publish","type":"product","link":"https:\/\/morcosmachinery.com\/fr\/product\/moulin-a-sucre-epices-turbo-haute-performance-type-cs\/","title":{"rendered":"Moulin \u00e0 Sucre\/Epices Turbo Haute Performance type CS"},"content":{"rendered":"<ul>\n<li data-start=\"2788\" data-end=\"2866\">\n<p data-start=\"2790\" data-end=\"2866\">\u00c9quip\u00e9 d\u2019un <strong data-start=\"2802\" data-end=\"2828\">rotor \u00e0 grande vitesse<\/strong> entra\u00een\u00e9 par un <strong data-start=\"2845\" data-end=\"2864\">moteur puissant<\/strong><\/p>\n<\/li>\n<li data-start=\"2867\" data-end=\"2958\">\n<p data-start=\"2869\" data-end=\"2958\"><strong data-start=\"2869\" data-end=\"2897\">Capacit\u00e9 de production :<\/strong> de <strong data-start=\"2901\" data-end=\"2919\">300 \u00e0 750 kg\/h<\/strong>, selon la finesse souhait\u00e9e (micron)<\/p>\n<\/li>\n<li data-start=\"2959\" data-end=\"3109\">\n<p data-start=\"2961\" data-end=\"3109\">La machine est \u00e9quip\u00e9e d\u2019une <strong data-start=\"2990\" data-end=\"3015\">tr\u00e9mie d\u2019alimentation<\/strong> permettant d\u2019introduire le sucre granul\u00e9 dans la chambre de broyage par un orifice r\u00e9glable<\/p>\n<\/li>\n<li data-start=\"3110\" data-end=\"3303\">\n<p data-start=\"3112\" data-end=\"3303\"><strong data-start=\"3112\" data-end=\"3137\">La chambre de broyage<\/strong> se compose de deux \u00e9l\u00e9ments :<br data-start=\"3167\" data-end=\"3170\" \/>\u2003\u2013 Un rotor turbo totalement exempt de friction<br data-start=\"3217\" data-end=\"3220\" \/>\u2003\u2013 Un \u00e9l\u00e9ment fixe constitu\u00e9 d\u2019une <strong data-start=\"3255\" data-end=\"3274\">tamis annulaire<\/strong> avec des plaques perfor\u00e9es<\/p>\n<\/li>\n<li data-start=\"3304\" data-end=\"3419\">\n<p data-start=\"3306\" data-end=\"3419\">Un <strong data-start=\"3309\" data-end=\"3348\">refroidissement automatique par air<\/strong> est assur\u00e9 par un flux d\u2019air intense \u00e0 travers la chambre de broyage<\/p>\n<\/li>\n<li data-start=\"3420\" data-end=\"3567\">\n<p data-start=\"3422\" data-end=\"3567\">L\u2019air de refroidissement est <strong data-start=\"3451\" data-end=\"3487\">filtr\u00e9 \u00e0 travers un sac en tissu<\/strong>, qui collecte les particules tr\u00e8s fines de sucre entra\u00een\u00e9es par le flux d\u2019air<\/p>\n<\/li>\n<li data-start=\"3568\" data-end=\"3719\">\n<p data-start=\"3570\" data-end=\"3719\">Le broyeur est mont\u00e9 sur <strong data-start=\"3595\" data-end=\"3617\">une table en acier<\/strong> laissant un espace libre en dessous pour fixer un sac plastique destin\u00e9 \u00e0 recueillir le sucre broy\u00e9<\/p>\n<\/li>\n<li data-start=\"3720\" data-end=\"3782\">\n<p data-start=\"3722\" data-end=\"3782\">\u00c9quip\u00e9 d\u2019un <strong data-start=\"3734\" data-end=\"3780\">bo\u00eetier de commande \u00e9lectrique ind\u00e9pendant<\/strong><\/p>\n<\/li>\n<li data-start=\"3783\" data-end=\"3900\">\n<p data-start=\"3785\" data-end=\"3900\">La machine comprend <strong data-start=\"3805\" data-end=\"3827\">une vanne manuelle<\/strong> permettant de recevoir le sucre broy\u00e9 et de le r\u00e9partir dans deux sacs<\/p>\n<\/li>\n<li data-start=\"3901\" data-end=\"4051\">\n<p data-start=\"3903\" data-end=\"4051\">Le remplissage est contr\u00f4l\u00e9 par <strong data-start=\"3935\" data-end=\"3959\">une manette manuelle<\/strong> : lorsque le premier sac est plein, l\u2019op\u00e9rateur inverse la manette pour remplir le second<\/p>\n<\/li>\n<\/ul>\n<p><strong><u>Facultative:<\/u><\/strong><\/p>\n<p>Un syst\u00e8me d\u2019alimentation automatique peut \u00eatre ajout\u00e9 pour transf\u00e9rer le sucre depuis une tr\u00e9mie au sol vers la tr\u00e9mie de la machine, facilitant le d\u00e9chargement des sacs et assurant un d\u00e9bit r\u00e9gulier de <strong data-start=\"4274\" data-end=\"4286\">300 kg\/h<\/strong> pour le sucre tr\u00e8s fin.<\/p>\n","protected":false},"excerpt":{"rendered":"<p>\u00c9quip\u00e9 d\u2019un rotor \u00e0 grande vitesse entra\u00een\u00e9 par un moteur puissant Capacit\u00e9 de production : de 300 \u00e0&#8230;<\/p>\n","protected":false},"featured_media":14480,"template":"","meta":[],"product_cat":[104],"product_tag":[],"class_list":{"0":"post-6331","1":"product","2":"type-product","3":"status-publish","4":"has-post-thumbnail","6":"product_cat-equipement-de-traitement-de-poudre","8":"first","9":"instock","10":"shipping-taxable","11":"purchasable","12":"product-type-simple"},"_links":{"self":[{"href":"https:\/\/morcosmachinery.com\/fr\/wp-json\/wp\/v2\/product\/6331","targetHints":{"allow":["GET"]}}],"collection":[{"href":"https:\/\/morcosmachinery.com\/fr\/wp-json\/wp\/v2\/product"}],"about":[{"href":"https:\/\/morcosmachinery.com\/fr\/wp-json\/wp\/v2\/types\/product"}],"wp:featuredmedia":[{"embeddable":true,"href":"https:\/\/morcosmachinery.com\/fr\/wp-json\/wp\/v2\/media\/14480"}],"wp:attachment":[{"href":"https:\/\/morcosmachinery.com\/fr\/wp-json\/wp\/v2\/media?parent=6331"}],"wp:term":[{"taxonomy":"product_cat","embeddable":true,"href":"https:\/\/morcosmachinery.com\/fr\/wp-json\/wp\/v2\/product_cat?post=6331"},{"taxonomy":"product_tag","embeddable":true,"href":"https:\/\/morcosmachinery.com\/fr\/wp-json\/wp\/v2\/product_tag?post=6331"}],"curies":[{"name":"wp","href":"https:\/\/api.w.org\/{rel}","templated":true}]}}