{"id":6335,"date":"2023-05-14T00:52:46","date_gmt":"2023-05-13T22:52:46","guid":{"rendered":"https:\/\/morcosmachinery.com\/product\/filtre-a-mailles\/"},"modified":"2023-05-14T00:52:46","modified_gmt":"2023-05-14T00:52:46","slug":"filtre-a-mailles","status":"publish","type":"product","link":"https:\/\/morcosmachinery.com\/fr\/product\/filtre-a-mailles\/","title":{"rendered":"Filtre \u00e0 mailles"},"content":{"rendered":"<ul>\n<li>\u00c9quip\u00e9 d&#8217;une passoire \u00e0 mailles uniquement et utilis\u00e9 pour emp\u00eacher toute grosse particule suspect\u00e9e dans l&#8217;\u00e9coulement du chocolat.<\/li>\n<\/ul>\n","protected":false},"excerpt":{"rendered":"<p>\u00c9quip\u00e9 d&#8217;une passoire \u00e0 mailles uniquement et utilis\u00e9 pour emp\u00eacher toute grosse particule suspect\u00e9e dans l&#8217;\u00e9coulement du chocolat.<\/p>\n","protected":false},"featured_media":5335,"template":"","meta":[],"product_cat":[109],"product_tag":[],"class_list":{"0":"post-6335","1":"product","2":"type-product","3":"status-publish","4":"has-post-thumbnail","6":"product_cat-filtres","8":"first","9":"instock","10":"shipping-taxable","11":"purchasable","12":"product-type-simple"},"_links":{"self":[{"href":"https:\/\/morcosmachinery.com\/fr\/wp-json\/wp\/v2\/product\/6335","targetHints":{"allow":["GET"]}}],"collection":[{"href":"https:\/\/morcosmachinery.com\/fr\/wp-json\/wp\/v2\/product"}],"about":[{"href":"https:\/\/morcosmachinery.com\/fr\/wp-json\/wp\/v2\/types\/product"}],"wp:featuredmedia":[{"embeddable":true,"href":"https:\/\/morcosmachinery.com\/fr\/wp-json\/wp\/v2\/media\/5335"}],"wp:attachment":[{"href":"https:\/\/morcosmachinery.com\/fr\/wp-json\/wp\/v2\/media?parent=6335"}],"wp:term":[{"taxonomy":"product_cat","embeddable":true,"href":"https:\/\/morcosmachinery.com\/fr\/wp-json\/wp\/v2\/product_cat?post=6335"},{"taxonomy":"product_tag","embeddable":true,"href":"https:\/\/morcosmachinery.com\/fr\/wp-json\/wp\/v2\/product_tag?post=6335"}],"curies":[{"name":"wp","href":"https:\/\/api.w.org\/{rel}","templated":true}]}}