{"id":6341,"date":"2023-05-13T22:05:53","date_gmt":"2023-05-13T20:05:53","guid":{"rendered":"https:\/\/morcosmachinery.com\/product\/tunnel-de-refroidissement\/"},"modified":"2023-05-13T22:05:53","modified_gmt":"2023-05-13T22:05:53","slug":"tunnel-de-refroidissement","status":"publish","type":"product","link":"https:\/\/morcosmachinery.com\/fr\/product\/tunnel-de-refroidissement\/","title":{"rendered":"Tunnel de refroidissement"},"content":{"rendered":"<ul>\n<li>Totalement construit avec de l&#8217;acier inoxydable.<\/li>\n<li>Fournit un refroidissement par contact, convection et rayonnement total par des unit\u00e9s de refroidissement au fr\u00e9on avec des valeurs r\u00e9glables.<\/li>\n<li>\u00c9quip\u00e9 d&#8217;un microprocesseur pour une r\u00e9gulation pr\u00e9cise de la temp\u00e9rature.<\/li>\n<li>La pleine longueur est accessible par les capots sup\u00e9rieurs.<\/li>\n<li>Dispositifs automatiques de suivi et de tension de la bande.<\/li>\n<li>Station d&#8217;entra\u00eenement avec variateur de vitesse.<\/li>\n<li>Racleurs \u00e0 ressort pour l&#8217;auto-nettoyage de la bande.<\/li>\n<\/ul>\n","protected":false},"excerpt":{"rendered":"<p>Une large gamme de machines d&#8217;enrobage Chocolat &amp; Caramel, avec des largeurs de travail allant de 200 mm \u00e0 2200 mm. Conception de roue de masse disponible pour les lignes \u00e0 plus petite \u00e9chelle (largeurs de bande de 305, 420, 510 mm)<\/p>\n","protected":false},"featured_media":12946,"template":"","meta":[],"product_cat":[102],"product_tag":[],"class_list":{"0":"post-6341","1":"product","2":"type-product","3":"status-publish","4":"has-post-thumbnail","6":"product_cat-lignes-denrobage","8":"first","9":"instock","10":"shipping-taxable","11":"purchasable","12":"product-type-simple"},"_links":{"self":[{"href":"https:\/\/morcosmachinery.com\/fr\/wp-json\/wp\/v2\/product\/6341","targetHints":{"allow":["GET"]}}],"collection":[{"href":"https:\/\/morcosmachinery.com\/fr\/wp-json\/wp\/v2\/product"}],"about":[{"href":"https:\/\/morcosmachinery.com\/fr\/wp-json\/wp\/v2\/types\/product"}],"wp:featuredmedia":[{"embeddable":true,"href":"https:\/\/morcosmachinery.com\/fr\/wp-json\/wp\/v2\/media\/12946"}],"wp:attachment":[{"href":"https:\/\/morcosmachinery.com\/fr\/wp-json\/wp\/v2\/media?parent=6341"}],"wp:term":[{"taxonomy":"product_cat","embeddable":true,"href":"https:\/\/morcosmachinery.com\/fr\/wp-json\/wp\/v2\/product_cat?post=6341"},{"taxonomy":"product_tag","embeddable":true,"href":"https:\/\/morcosmachinery.com\/fr\/wp-json\/wp\/v2\/product_tag?post=6341"}],"curies":[{"name":"wp","href":"https:\/\/api.w.org\/{rel}","templated":true}]}}