{"id":6342,"date":"2023-05-13T22:09:39","date_gmt":"2023-05-13T20:09:39","guid":{"rendered":"https:\/\/morcosmachinery.com\/product\/dalle-de-refroidissement\/"},"modified":"2023-05-13T22:09:39","modified_gmt":"2023-05-13T22:09:39","slug":"dalle-de-refroidissement","status":"publish","type":"product","link":"https:\/\/morcosmachinery.com\/fr\/product\/dalle-de-refroidissement\/","title":{"rendered":"Dalle de refroidissement"},"content":{"rendered":"<ul>\n<li>Totalement construit avec de l&#8217;acier inoxydable.<\/li>\n<li>Fournit un refroidissement par contact pour le bas du produit par de l&#8217;eau r\u00e9frig\u00e9r\u00e9e.<\/li>\n<li>Fournit un refroidissement par convection et rayonnement par air froid pour le dessus du produit.<\/li>\n<li>Refroidisseurs d&#8217;eau et unit\u00e9s de refroidissement au fr\u00e9on d&#8217;air \u00e0 valeurs r\u00e9glables.<\/li>\n<li>R\u00e9gulation de temp\u00e9rature ind\u00e9pendante pour chaque zone de refroidissement.<\/li>\n<li>Contr\u00f4le automatique de l&#8217;humidit\u00e9 r\u00e9glable<\/li>\n<li>Dispositifs automatiques de suivi et de tension de la bande pour la bande<\/li>\n<li>Station d&#8217;entra\u00eenement avec variateur de vitesse<\/li>\n<li>Autonettoyant pour les rouleaux d&#8217;entra\u00eenement avec tiroirs de r\u00e9cup\u00e9ration des crampons<\/li>\n<li>PLC pour le contr\u00f4le des fonctions<\/li>\n<\/ul>\n","protected":false},"excerpt":{"rendered":"<p>Une large gamme de machines d&#8217;enrobage Chocolat &amp; Caramel, avec des largeurs de travail allant de 200 mm \u00e0 2200 mm. Conception de roue de masse disponible pour les lignes \u00e0 plus petite \u00e9chelle (largeurs de bande de 305, 420, 510 mm)<\/p>\n","protected":false},"featured_media":13016,"template":"","meta":[],"product_cat":[102],"product_tag":[],"class_list":{"0":"post-6342","1":"product","2":"type-product","3":"status-publish","4":"has-post-thumbnail","6":"product_cat-lignes-denrobage","8":"first","9":"instock","10":"shipping-taxable","11":"purchasable","12":"product-type-simple"},"_links":{"self":[{"href":"https:\/\/morcosmachinery.com\/fr\/wp-json\/wp\/v2\/product\/6342","targetHints":{"allow":["GET"]}}],"collection":[{"href":"https:\/\/morcosmachinery.com\/fr\/wp-json\/wp\/v2\/product"}],"about":[{"href":"https:\/\/morcosmachinery.com\/fr\/wp-json\/wp\/v2\/types\/product"}],"wp:featuredmedia":[{"embeddable":true,"href":"https:\/\/morcosmachinery.com\/fr\/wp-json\/wp\/v2\/media\/13016"}],"wp:attachment":[{"href":"https:\/\/morcosmachinery.com\/fr\/wp-json\/wp\/v2\/media?parent=6342"}],"wp:term":[{"taxonomy":"product_cat","embeddable":true,"href":"https:\/\/morcosmachinery.com\/fr\/wp-json\/wp\/v2\/product_cat?post=6342"},{"taxonomy":"product_tag","embeddable":true,"href":"https:\/\/morcosmachinery.com\/fr\/wp-json\/wp\/v2\/product_tag?post=6342"}],"curies":[{"name":"wp","href":"https:\/\/api.w.org\/{rel}","templated":true}]}}