{"id":6344,"date":"2023-05-13T23:02:06","date_gmt":"2023-05-13T20:02:06","guid":{"rendered":"https:\/\/morcosmachinery.com\/product\/conque-seche-mldc-500-750-1000\/"},"modified":"2026-02-23T17:01:47","modified_gmt":"2026-02-23T15:01:47","slug":"conque-seche-mldc-500-750-1000","status":"publish","type":"product","link":"https:\/\/morcosmachinery.com\/fr\/product\/conque-seche-mldc-500-750-1000\/","title":{"rendered":"Conque s\u00e8che MLDC (500 \u2013 750 \u2013 1000)"},"content":{"rendered":"<p><strong>Il s&#8217;agit principalement de la m\u00eame machine que le pr\u00e9-m\u00e9langeur mais avec les ajouts suivants<\/strong>:<\/p>\n<ul>\n<li>Entra\u00eenement principal plus puissant.<\/li>\n<li>Diff\u00e9rentes conceptions sp\u00e9ciales pour l&#8217;agitateur.<\/li>\n<li>Flux d&#8217;air chaud avec propre chauffage et ventilateur.<\/li>\n<\/ul>\n","protected":false},"excerpt":{"rendered":"<p>Il s&#8217;agit principalement de la m\u00eame machine que le pr\u00e9-m\u00e9langeur mais avec les ajouts suivants: Entra\u00eenement principal plus&#8230;<\/p>\n","protected":false},"featured_media":14543,"template":"","meta":[],"product_cat":[101],"product_tag":[],"class_list":{"0":"post-6344","1":"product","2":"type-product","3":"status-publish","4":"has-post-thumbnail","6":"product_cat-materiel-de-preparation-du-chocolat","8":"first","9":"instock","10":"shipping-taxable","11":"purchasable","12":"product-type-simple"},"_links":{"self":[{"href":"https:\/\/morcosmachinery.com\/fr\/wp-json\/wp\/v2\/product\/6344","targetHints":{"allow":["GET"]}}],"collection":[{"href":"https:\/\/morcosmachinery.com\/fr\/wp-json\/wp\/v2\/product"}],"about":[{"href":"https:\/\/morcosmachinery.com\/fr\/wp-json\/wp\/v2\/types\/product"}],"wp:featuredmedia":[{"embeddable":true,"href":"https:\/\/morcosmachinery.com\/fr\/wp-json\/wp\/v2\/media\/14543"}],"wp:attachment":[{"href":"https:\/\/morcosmachinery.com\/fr\/wp-json\/wp\/v2\/media?parent=6344"}],"wp:term":[{"taxonomy":"product_cat","embeddable":true,"href":"https:\/\/morcosmachinery.com\/fr\/wp-json\/wp\/v2\/product_cat?post=6344"},{"taxonomy":"product_tag","embeddable":true,"href":"https:\/\/morcosmachinery.com\/fr\/wp-json\/wp\/v2\/product_tag?post=6344"}],"curies":[{"name":"wp","href":"https:\/\/api.w.org\/{rel}","templated":true}]}}