{"id":6345,"date":"2023-05-13T22:59:47","date_gmt":"2023-05-13T20:59:47","guid":{"rendered":"https:\/\/morcosmachinery.com\/product\/pre-melangeur-premix-500-750-1000\/"},"modified":"2024-06-24T12:34:13","modified_gmt":"2024-06-24T10:34:13","slug":"pre-melangeur-premix-500-750-1000","status":"publish","type":"product","link":"https:\/\/morcosmachinery.com\/fr\/product\/pre-melangeur-premix-500-750-1000\/","title":{"rendered":"Pr\u00e9-m\u00e9langeur PREMIX (500 \u2013 750 \u2013 1000)"},"content":{"rendered":"<ul>\n<li>Cuve de m\u00e9lange en acier inoxydable, munie d&#8217;un agitateur sp\u00e9cial rotatif avec racleurs lat\u00e9raux.<\/li>\n<li>R\u00e9servoir chemis\u00e9 en acier inoxydable 304.<\/li>\n<li>Fourni en diff\u00e9rentes capacit\u00e9s de lot : 500 \/ 750 \/ 1000 Kg.<\/li>\n<li>Ventilateur aspirant pour l&#8217;\u00e9vacuation des gaz acides.<\/li>\n<li>Tuyauterie en acier inoxydable gain\u00e9e.<\/li>\n<li>Chocolat Les ingr\u00e9dients tels que la graisse, le lait en poudre, la poudre de cacao, le sucre, la l\u00e9cithine et d&#8217;autres solides secs sont vers\u00e9s dans le pr\u00e9-m\u00e9langeur sous forme d&#8217;une masse homog\u00e8ne de solides et de liquides. Les grattoirs lat\u00e9raux de l&#8217;agitateur emp\u00eachent le sucre de coller aux parois du r\u00e9cipient.<\/li>\n<\/ul>\n","protected":false},"excerpt":{"rendered":"<p>Cuve de m\u00e9lange en acier inoxydable, munie d&#8217;un agitateur sp\u00e9cial rotatif avec racleurs lat\u00e9raux. R\u00e9servoir chemis\u00e9 en acier&#8230;<\/p>\n","protected":false},"featured_media":12489,"template":"","meta":[],"product_cat":[101],"product_tag":[],"class_list":{"0":"post-6345","1":"product","2":"type-product","3":"status-publish","4":"has-post-thumbnail","6":"product_cat-materiel-de-preparation-du-chocolat","8":"first","9":"instock","10":"shipping-taxable","11":"purchasable","12":"product-type-simple"},"_links":{"self":[{"href":"https:\/\/morcosmachinery.com\/fr\/wp-json\/wp\/v2\/product\/6345","targetHints":{"allow":["GET"]}}],"collection":[{"href":"https:\/\/morcosmachinery.com\/fr\/wp-json\/wp\/v2\/product"}],"about":[{"href":"https:\/\/morcosmachinery.com\/fr\/wp-json\/wp\/v2\/types\/product"}],"wp:featuredmedia":[{"embeddable":true,"href":"https:\/\/morcosmachinery.com\/fr\/wp-json\/wp\/v2\/media\/12489"}],"wp:attachment":[{"href":"https:\/\/morcosmachinery.com\/fr\/wp-json\/wp\/v2\/media?parent=6345"}],"wp:term":[{"taxonomy":"product_cat","embeddable":true,"href":"https:\/\/morcosmachinery.com\/fr\/wp-json\/wp\/v2\/product_cat?post=6345"},{"taxonomy":"product_tag","embeddable":true,"href":"https:\/\/morcosmachinery.com\/fr\/wp-json\/wp\/v2\/product_tag?post=6345"}],"curies":[{"name":"wp","href":"https:\/\/api.w.org\/{rel}","templated":true}]}}