{"id":6348,"date":"2023-05-13T22:29:23","date_gmt":"2023-05-13T19:29:23","guid":{"rendered":"https:\/\/morcosmachinery.com\/product\/machine-de-trempe-continue\/"},"modified":"2026-04-16T17:08:29","modified_gmt":"2026-04-16T15:08:29","slug":"machine-de-trempe-continue","status":"publish","type":"product","link":"https:\/\/morcosmachinery.com\/fr\/product\/machine-de-trempe-continue\/","title":{"rendered":"Machine de trempe continue"},"content":{"rendered":"<ul>\n<li>Une construction lourde cylindrique compos\u00e9e de multi-sections \u00e0 double enveloppe (Plaques de Trempe).<\/li>\n<li>Capacit\u00e9s disponibles 200 \u2013 4000 kg\/h.<\/li>\n<li>Le chocolat arrive \u00e0 la machine par le dessous forc\u00e9 par une pompe \u00e0 chocolat int\u00e9gr\u00e9e aliment\u00e9e depuis le r\u00e9servoir tampon par des tuyaux. Le chocolat est ensuite refroidi progressivement \u00e0 travers les diff\u00e9rentes sections<\/li>\n<li>Le chocolat est finalement l\u00e9g\u00e8rement r\u00e9chauff\u00e9 \u00e0 travers les 2 derni\u00e8res sections et quitte ensuite la temp\u00e9reuse temp\u00e9r\u00e9e<\/li>\n<li>Le transfert du chocolat du bas vers le haut est assist\u00e9 par le mouvement de spirales creuses raclant le chocolat des c\u00f4t\u00e9s, du bas et du haut assurant un m\u00e9lange continu pendant la proc\u00e9dure. Cette spirale est entra\u00een\u00e9e par l&#8217;entra\u00eenement principal de l&#8217;unit\u00e9 de trempe<\/li>\n<li>Le mode de grattage assure le cisaillement maximal des cristaux de beurre de cacao, ce qui donne un r\u00e9sultat id\u00e9al du temp\u00e9rage<\/li>\n<\/ul>\n","protected":false},"excerpt":{"rendered":"<p>Une large gamme de machines d&#8217;enrobage Chocolat &amp; Caramel, avec des largeurs de travail allant de 200 mm \u00e0 2200 mm. Conception de roue de masse disponible pour les lignes \u00e0 plus petite \u00e9chelle (largeurs de bande de 305, 420, 510 mm)<\/p>\n","protected":false},"featured_media":14704,"template":"","meta":[],"product_cat":[102],"product_tag":[],"class_list":{"0":"post-6348","1":"product","2":"type-product","3":"status-publish","4":"has-post-thumbnail","6":"product_cat-lignes-denrobage","8":"first","9":"instock","10":"shipping-taxable","11":"purchasable","12":"product-type-simple"},"_links":{"self":[{"href":"https:\/\/morcosmachinery.com\/fr\/wp-json\/wp\/v2\/product\/6348","targetHints":{"allow":["GET"]}}],"collection":[{"href":"https:\/\/morcosmachinery.com\/fr\/wp-json\/wp\/v2\/product"}],"about":[{"href":"https:\/\/morcosmachinery.com\/fr\/wp-json\/wp\/v2\/types\/product"}],"wp:featuredmedia":[{"embeddable":true,"href":"https:\/\/morcosmachinery.com\/fr\/wp-json\/wp\/v2\/media\/14704"}],"wp:attachment":[{"href":"https:\/\/morcosmachinery.com\/fr\/wp-json\/wp\/v2\/media?parent=6348"}],"wp:term":[{"taxonomy":"product_cat","embeddable":true,"href":"https:\/\/morcosmachinery.com\/fr\/wp-json\/wp\/v2\/product_cat?post=6348"},{"taxonomy":"product_tag","embeddable":true,"href":"https:\/\/morcosmachinery.com\/fr\/wp-json\/wp\/v2\/product_tag?post=6348"}],"curies":[{"name":"wp","href":"https:\/\/api.w.org\/{rel}","templated":true}]}}