{"id":6349,"date":"2023-05-13T22:33:28","date_gmt":"2023-05-13T20:33:28","guid":{"rendered":"https:\/\/morcosmachinery.com\/product\/broyeur-a-boulets-type-do-500\/"},"modified":"2024-06-24T12:59:04","modified_gmt":"2024-06-24T10:59:04","slug":"broyeur-a-boulets-type-do-500","status":"publish","type":"product","link":"https:\/\/morcosmachinery.com\/fr\/product\/broyeur-a-boulets-type-do-500\/","title":{"rendered":"Broyeur \u00e0 boulets type &#8220;DO 500&#8221;"},"content":{"rendered":"<ul>\n<li>Composants de chocolat en acier inoxydable 304 combin\u00e9s m\u00e9langeur\/broyeur, avec un volume de production net de 500 L, entra\u00een\u00e9s par un moteur de fabrication europ\u00e9enne\/SEW de 22 kW.<\/li>\n<li>Le \u00ab DO 500 \u00bb produit des lots d&#8217;environ 500 kg chacun, et le temps pour obtenir une finesse finale de 21 microns sera de 2,5 \u00e0 3 heures.<\/li>\n<li>La cuve de m\u00e9lange\/broyage du DO 500 est sp\u00e9cialement con\u00e7ue pour remplir deux fonctions de base : m\u00e9langer les ingr\u00e9dients et affiner la masse jusqu&#8217;\u00e0 la finesse requise. Ces deux fonctions se d\u00e9roulent simultan\u00e9ment lors de la fabrication du lot.<\/li>\n<li>La temp\u00e9rature de la masse est surveill\u00e9e par PT 100 mont\u00e9 au fond de la cuve de broyage \/ r\u00e9gulateur de temp\u00e9rature dans le panneau de commande.<\/li>\n<li>Pendant le processus, une circulation continue du produit se produit, du dessous du r\u00e9servoir de broyage \u00e0 travers le tuyau de circulation vers le r\u00e9servoir. Et \u00e0 la fin du processus, le produit est d\u00e9charg\u00e9 en changeant la vanne \u00e0 3 voies ci-dessus en position de d\u00e9charge. Pompe de circulation 1,5 kW avec un variateur de fr\u00e9quence.<\/li>\n<li>Tuyauterie en acier inoxydable \u00e0 double enveloppe.<\/li>\n<li>Panneau de commande.<\/li>\n<\/ul>\n","protected":false},"excerpt":{"rendered":"<p>Composants de chocolat en acier inoxydable 304 combin\u00e9s m\u00e9langeur\/broyeur, avec un volume de production net de 500 L,&#8230;<\/p>\n","protected":false},"featured_media":12503,"template":"","meta":[],"product_cat":[101],"product_tag":[],"class_list":{"0":"post-6349","1":"product","2":"type-product","3":"status-publish","4":"has-post-thumbnail","6":"product_cat-materiel-de-preparation-du-chocolat","8":"first","9":"instock","10":"shipping-taxable","11":"purchasable","12":"product-type-simple"},"_links":{"self":[{"href":"https:\/\/morcosmachinery.com\/fr\/wp-json\/wp\/v2\/product\/6349","targetHints":{"allow":["GET"]}}],"collection":[{"href":"https:\/\/morcosmachinery.com\/fr\/wp-json\/wp\/v2\/product"}],"about":[{"href":"https:\/\/morcosmachinery.com\/fr\/wp-json\/wp\/v2\/types\/product"}],"wp:featuredmedia":[{"embeddable":true,"href":"https:\/\/morcosmachinery.com\/fr\/wp-json\/wp\/v2\/media\/12503"}],"wp:attachment":[{"href":"https:\/\/morcosmachinery.com\/fr\/wp-json\/wp\/v2\/media?parent=6349"}],"wp:term":[{"taxonomy":"product_cat","embeddable":true,"href":"https:\/\/morcosmachinery.com\/fr\/wp-json\/wp\/v2\/product_cat?post=6349"},{"taxonomy":"product_tag","embeddable":true,"href":"https:\/\/morcosmachinery.com\/fr\/wp-json\/wp\/v2\/product_tag?post=6349"}],"curies":[{"name":"wp","href":"https:\/\/api.w.org\/{rel}","templated":true}]}}